{"id":894,"date":"2026-01-27T14:31:52","date_gmt":"2026-01-27T14:31:52","guid":{"rendered":"https:\/\/carte-cetir.pyreweb.fr\/?page_id=894"},"modified":"2026-01-28T08:11:53","modified_gmt":"2026-01-28T08:11:53","slug":"galeries-client","status":"publish","type":"page","link":"https:\/\/carte-cetir.pyreweb.fr\/?page_id=894","title":{"rendered":"Galeries client"},"content":{"rendered":"<div id=\"sunshine--galleries--empty\">D\u00e9sol\u00e9, aucune galerie n&#039;a encore \u00e9t\u00e9 configur\u00e9e<\/div>\n\n\n\n\n<p><\/p>\n","protected":false},"excerpt":{"rendered":"","protected":false},"author":2,"featured_media":0,"parent":0,"menu_order":0,"comment_status":"closed","ping_status":"closed","template":"","meta":{"_mc_calendar":[],"footnotes":""},"class_list":["post-894","page","type-page","status-publish","hentry"],"_links":{"self":[{"href":"https:\/\/carte-cetir.pyreweb.fr\/index.php?rest_route=\/wp\/v2\/pages\/894","targetHints":{"allow":["GET"]}}],"collection":[{"href":"https:\/\/carte-cetir.pyreweb.fr\/index.php?rest_route=\/wp\/v2\/pages"}],"about":[{"href":"https:\/\/carte-cetir.pyreweb.fr\/index.php?rest_route=\/wp\/v2\/types\/page"}],"author":[{"embeddable":true,"href":"https:\/\/carte-cetir.pyreweb.fr\/index.php?rest_route=\/wp\/v2\/users\/2"}],"replies":[{"embeddable":true,"href":"https:\/\/carte-cetir.pyreweb.fr\/index.php?rest_route=%2Fwp%2Fv2%2Fcomments&post=894"}],"version-history":[{"count":5,"href":"https:\/\/carte-cetir.pyreweb.fr\/index.php?rest_route=\/wp\/v2\/pages\/894\/revisions"}],"predecessor-version":[{"id":1000,"href":"https:\/\/carte-cetir.pyreweb.fr\/index.php?rest_route=\/wp\/v2\/pages\/894\/revisions\/1000"}],"wp:attachment":[{"href":"https:\/\/carte-cetir.pyreweb.fr\/index.php?rest_route=%2Fwp%2Fv2%2Fmedia&parent=894"}],"curies":[{"name":"wp","href":"https:\/\/api.w.org\/{rel}","templated":true}]}}